{"id":615,"date":"2022-11-03T23:40:17","date_gmt":"2022-11-03T22:40:17","guid":{"rendered":"https:\/\/hnpcarouge.ch\/?post_type=product&#038;p=615"},"modified":"2022-11-03T23:40:17","modified_gmt":"2022-11-03T22:40:17","slug":"redkenextreme-bleach-recovery-lamellar-water-200ml","status":"publish","type":"product","link":"https:\/\/lesberguescoiffure.ch\/en\/product\/redkenextreme-bleach-recovery-lamellar-water-200ml\/","title":{"rendered":"RedkenExtreme Bleach Recovery \u2013 Lamellar Water 200ml"},"content":{"rendered":"<p>Dank dem einzigartigen, wissenschaftlich fundiertem Ansatz werden die Produkte von Haarpflegeexperten f\u00fcr ges\u00fcnderes Haar empfohlen. Die Haarpflegeprodukte wurden entwickelt, um das Haar mit Hilfe der folgenden Elemente zu verbessern: Proteine, Feuchtigkeit und pH-Wert. Eine lamellare Behandlung wirkt wie ein fl\u00fcssiger Verband f\u00fcr das Haar, indem sie eine zweite Hautschicht schafft. Sie haftet am Haar, f\u00fcllt die Poren auf und erh\u00f6ht die Geschmeidigkeit. Hohe Konzentrationen an kationischen Polymeren helfen sofort, die Porosit\u00e4t des Haares zu mindern und die K\u00e4mmbarkeit zu verbessern. For optimal Ergebnisse die gesamte Extreme Bleach Recovery Serie nutzen.<\/p>\n<p><strong>Anwendung<\/strong><\/p>\n<p>Nach dem Shampoonieren, die Haare mit einem Handtuch sanft trocknen. Je nach Haarl\u00e4nge 1 bis 4 Spritzer des Lamellar Water auf die L\u00e4ngen auftragen \u2013 1 Spritzer entspricht ca. 10ml. Sanft einarbeiten und ausspulen. Anschliessend die REDKEN Extreme Bleach Recovery Cica Cream auftragen.<\/p>\n<p><strong>Ergebnis<\/strong><\/p>\n<p>Das REDKEN Lamella Wasser ist die ultimative SOS Behandlung f\u00fcr blondiertes Haar.<\/p>","protected":false},"excerpt":{"rendered":"<p>Dank dem einzigartigen, wissenschaftlich fundiertem Ansatz werden die Produkte von Haarpflegeexperten f\u00fcr ges\u00fcnderes Haar empfohlen. Die Haarpflegeprodukte wurden entwickelt, um das Haar mit Hilfe der folgenden Elemente zu verbessern: Proteine, Feuchtigkeit und pH-Wert. Eine lamellare Behandlung wirkt wie ein fl\u00fcssiger Verband f\u00fcr das Haar, indem sie eine zweite Hautschicht schafft. Sie haftet am Haar, f\u00fcllt [\u2026]<\/p>","protected":false},"featured_media":616,"comment_status":"open","ping_status":"closed","template":"","meta":{"inline_featured_image":false},"product_cat":[56],"product_tag":[],"acf":[],"_links":{"self":[{"href":"https:\/\/lesberguescoiffure.ch\/en\/wp-json\/wp\/v2\/product\/615"}],"collection":[{"href":"https:\/\/lesberguescoiffure.ch\/en\/wp-json\/wp\/v2\/product"}],"about":[{"href":"https:\/\/lesberguescoiffure.ch\/en\/wp-json\/wp\/v2\/types\/product"}],"replies":[{"embeddable":true,"href":"https:\/\/lesberguescoiffure.ch\/en\/wp-json\/wp\/v2\/comments?post=615"}],"wp:featuredmedia":[{"embeddable":true,"href":"https:\/\/lesberguescoiffure.ch\/en\/wp-json\/wp\/v2\/media\/616"}],"wp:attachment":[{"href":"https:\/\/lesberguescoiffure.ch\/en\/wp-json\/wp\/v2\/media?parent=615"}],"wp:term":[{"taxonomy":"product_cat","embeddable":true,"href":"https:\/\/lesberguescoiffure.ch\/en\/wp-json\/wp\/v2\/product_cat?post=615"},{"taxonomy":"product_tag","embeddable":true,"href":"https:\/\/lesberguescoiffure.ch\/en\/wp-json\/wp\/v2\/product_tag?post=615"}],"curies":[{"name":"wp","href":"https:\/\/api.w.org\/{rel}","templated":true}]}}